{"id":290,"date":"2018-08-01T10:55:47","date_gmt":"2018-08-01T10:55:47","guid":{"rendered":"http:\/\/attika.mikado-themes.com\/?page_id=290"},"modified":"2021-04-20T10:40:19","modified_gmt":"2021-04-20T10:40:19","slug":"historia","status":"publish","type":"page","link":"https:\/\/elscomdals.com\/restaurant\/historia\/","title":{"rendered":"Historia"},"content":{"rendered":"<div class=\"wpb-content-wrapper\"><p>[vc_row css=\u00bb.vc_custom_1580127977146{padding-bottom: 80px !important;background-color: #ffffff !important;}\u00bb simple_background_color=\u00bb#ffffff\u00bb][vc_column]<div class=\"mkdf-single-image-holder    mkdf-image-center\" >\n    <div class=\"mkdf-si-inner\" >\n                                    <img loading=\"lazy\" decoding=\"async\" width=\"436\" height=\"114\" src=\"https:\/\/elscomdals.com\/restaurant\/wp-content\/uploads\/2020\/01\/RESTAurant.png\" class=\"attachment-full size-full\" alt=\"\" \/>                        <\/div>\n<\/div>[\/vc_column][\/vc_row][vc_row content_placement=\u00bbmiddle\u00bb disable_background_image=\u00bb\u00bb simple_background_image=\u00bb4567&#8243; background_image_position=\u00bbtop center\u00bb][vc_column][vc_row_inner content_text_aligment=\u00bbright\u00bb css=\u00bb.vc_custom_1574789345847{padding-top: 130px !important;padding-bottom: 130px !important;}\u00bb][vc_column_inner width=\u00bb5\/6&#8243; offset=\u00bbvc_col-lg-offset-3 vc_col-lg-6 vc_col-md-offset-2 vc_col-md-8 vc_col-sm-offset-1 vc_col-xs-12&#8243;]<div class=\"mkdf-elements-holder  mkdf-eh-full-height mkdf-one-column  mkdf-responsive-mode-768 \" ><div class=\"mkdf-eh-item    \"  data-item-class=\"mkdf-eh-custom-6212\" data-1367-1600=\"0 20% 0 0\" data-1025-1366=\"0 17% 0 0\" data-769-1024=\"0 15% 0 0\" data-681-768=\"0 15% 0 0\" data-680=\"0 0% 0 0\">\n\t<div class=\"mkdf-eh-item-inner\">\n\t\t<div class=\"mkdf-eh-item-content mkdf-eh-custom-6212\" style=\"padding: 0 20% 0 0\">\n\t\t\t<div class=\"mkdf-section-title-holder  mkdf-st-standard mkdf-st-title-left mkdf-st-normal-space \" style=\"text-align: left\">\n\t<div class=\"mkdf-st-inner\">\n\t\t\t\t\t<h2 class=\"mkdf-st-title\" >\n\t\t\t\tLA<br \/> NOSTRA HIST\u00d2RIA\t\t\t<\/h2>\n\t\t    <span class=\"mkdf-st-line\" style=\"margin: 50px 10% 0 15%\"><\/span>\n    <div class=\"mkdf-st-text\" style=\"margin-top: 43px\">\n        \u00c9s a l&#8217;any 1130 d.c. quan\u00a0 Pon\u00e7 II de Cervera va cedir part dels terrenys del Molino dels Comdals a Ram\u00f3n Berenguer III. Pon\u00e7 II de Cervera es va casar matrimonialment amb Almodis de Barcelona, \u200b\u200bfilla de Ram\u00f3n Berenguer III (1,082 a 1131) a l&#8217;any 1147 i contra voluntat del seu germ\u00e0 Ram\u00f3n Berenguer IV, per la qual cosa Poncio II de Cervera va raptar la infanta per casar-se.<\/p>\n<p>A inicis del segle XV Els Comdals van passar a ser propietat del Monestir de Montserrat fins al 1835 en qu\u00e8 es va produir la desamortitzaci\u00f3 de Mendiz\u00e1bal.<\/p>\n<p>Sota la propietat del Monestir de Montserrat \u00abEls Comdals\u00bb es va convertir en el graner de Montserrat que prove\u00efa el monestir d&#8217;aliments, i si va edificar l&#8217;actual Casal d&#8217;estil g\u00f2tic com a resid\u00e8ncia ocasional del Pare Abad de Montserrat.<\/p>\n<p>El 1776 el Monestir va ordenar la construcci\u00f3 d&#8217;un 2\u00b0 mol\u00ed en la finca, la qual cosa va ocasionar malestar i l&#8217;inici d&#8217;un per\u00edode de disputes entre el Monestir de Montserrat i el Consell i vilatans de Cervera, que s&#8217;oposaven.<\/p>\n<p>Despr\u00e9s de la desamortitzaci\u00f3 de Mendiz\u00e1bal, la finca \u00abEls Comdals\u00bb va ser adquirida pel Sr. Ramon Puerta Magre que va conservar la propietat fins al 1853 en qu\u00e8 la va vendre al Sr. Joan Bofill Portell (llicenciat en cirurgia i medicina pel Real Col\u00b7legi de Vic, en 1839) i la seva esposa D \u00aa. Ignacia Capella Mir\u00f3.    <\/div>\n\t<\/div>\n<\/div>[vc_empty_space height=\u00bb50px\u00bb]\t\t<\/div>\n\t<\/div>\n<\/div><\/div>[\/vc_column_inner][\/vc_row_inner]<div class=\"mkdf-single-image-holder    mkdf-image-center\" >\n    <div class=\"mkdf-si-inner\" >\n                                    <img loading=\"lazy\" decoding=\"async\" width=\"300\" height=\"341\" src=\"https:\/\/elscomdals.com\/restaurant\/wp-content\/uploads\/2021\/03\/Virues-1.png\" class=\"attachment-full size-full\" alt=\"\" \/>                        <\/div>\n<\/div>[vc_row_inner row_content_width=\u00bbgrid\u00bb css=\u00bb.vc_custom_1574786864124{padding-bottom: 150px !important;}\u00bb][vc_column_inner width=\u00bb5\/6&#8243; offset=\u00bbvc_col-lg-offset-3 vc_col-lg-6 vc_col-md-offset-2 vc_col-md-8 vc_col-sm-offset-1 vc_col-xs-12&#8243;]<div class=\"mkdf-image-with-text-holder mkdf-iwt-align-right   \">\n    <div class=\"mkdf-iwt-image\">\n                                    <img loading=\"lazy\" decoding=\"async\" width=\"595\" height=\"395\" src=\"https:\/\/elscomdals.com\/restaurant\/wp-content\/uploads\/2021\/03\/h1.jpg\" class=\"attachment-full size-full\" alt=\"\" \/>                        <\/div>\n    <div class=\"mkdf-iwt-text-holder\">\n                    <h6 class=\"mkdf-iwt-title\" >A inicis del segle XV Els Comdals va passar a ser propietat del Monestir de Montserrat fins el 1835 en que es va produir la desamortitzaci\u00f3 de Mendiz\u00e1bal.<\/h6>\n        \t\t    <\/div>\n<\/div>[\/vc_column_inner][\/vc_row_inner]<div class=\"mkdf-image-gallery mkdf-grid-list mkdf-grid-masonry-list mkdf-disable-bottom-space  mkdf-ig-masonry-type mkdf-four-columns mkdf-large-space  mkdf-image-behavior-lightbox\">\n\t<div class=\"mkdf-ig-inner mkdf-outer-space mkdf-masonry-list-wrapper\">\n\t\t<div class=\"mkdf-masonry-grid-sizer\"><\/div>\n\t\t<div class=\"mkdf-masonry-grid-gutter\"><\/div>\n\t\t\t\t\t\t\t\t<div class=\"mkdf-ig-image mkdf-item-space \">\n\t\t\t\t<div class=\"mkdf-ig-image-inner\">\n\t\t\t\t\t\t\t\t\t\t\t<a itemprop=\"image\" class=\"mkdf-ig-lightbox\" href=\"https:\/\/elscomdals.com\/restaurant\/wp-content\/uploads\/2021\/03\/h2.jpg\" data-rel=\"prettyPhoto[image_gallery_pretty_photo-591]\" title=\"h2\">\n\t\t\t\t\t\t\t\t\t\t\t<img loading=\"lazy\" decoding=\"async\" width=\"1100\" height=\"1100\" src=\"https:\/\/elscomdals.com\/restaurant\/wp-content\/uploads\/2021\/03\/h2.jpg\" class=\"attachment-full size-full\" alt=\"\" srcset=\"https:\/\/elscomdals.com\/restaurant\/wp-content\/uploads\/2021\/03\/h2.jpg 1100w, https:\/\/elscomdals.com\/restaurant\/wp-content\/uploads\/2021\/03\/h2-800x800.jpg 800w, https:\/\/elscomdals.com\/restaurant\/wp-content\/uploads\/2021\/03\/h2-150x150.jpg 150w, https:\/\/elscomdals.com\/restaurant\/wp-content\/uploads\/2021\/03\/h2-768x768.jpg 768w, https:\/\/elscomdals.com\/restaurant\/wp-content\/uploads\/2021\/03\/h2-650x650.jpg 650w\" sizes=\"(max-width: 1100px) 100vw, 1100px\" \/>\t\t\t\t\t\t\t\t\t\t\t<\/a>\n\t\t\t\t\t\t\t\t\t<\/div>\n\t\t\t<\/div>\n\t\t\t\t\t\t\t\t<div class=\"mkdf-ig-image mkdf-item-space \">\n\t\t\t\t<div class=\"mkdf-ig-image-inner\">\n\t\t\t\t\t\t\t\t\t\t\t<a itemprop=\"image\" class=\"mkdf-ig-lightbox\" href=\"https:\/\/elscomdals.com\/restaurant\/wp-content\/uploads\/2021\/03\/h4.jpg\" data-rel=\"prettyPhoto[image_gallery_pretty_photo-591]\" title=\"h4\">\n\t\t\t\t\t\t\t\t\t\t\t<img loading=\"lazy\" decoding=\"async\" width=\"1100\" height=\"550\" src=\"https:\/\/elscomdals.com\/restaurant\/wp-content\/uploads\/2021\/03\/h4.jpg\" class=\"attachment-full size-full\" alt=\"\" srcset=\"https:\/\/elscomdals.com\/restaurant\/wp-content\/uploads\/2021\/03\/h4.jpg 1100w, https:\/\/elscomdals.com\/restaurant\/wp-content\/uploads\/2021\/03\/h4-800x400.jpg 800w, https:\/\/elscomdals.com\/restaurant\/wp-content\/uploads\/2021\/03\/h4-768x384.jpg 768w\" sizes=\"(max-width: 1100px) 100vw, 1100px\" \/>\t\t\t\t\t\t\t\t\t\t\t<\/a>\n\t\t\t\t\t\t\t\t\t<\/div>\n\t\t\t<\/div>\n\t\t\t\t\t\t\t\t<div class=\"mkdf-ig-image mkdf-item-space \">\n\t\t\t\t<div class=\"mkdf-ig-image-inner\">\n\t\t\t\t\t\t\t\t\t\t\t<a itemprop=\"image\" class=\"mkdf-ig-lightbox\" href=\"https:\/\/elscomdals.com\/restaurant\/wp-content\/uploads\/2021\/03\/h6.jpg\" data-rel=\"prettyPhoto[image_gallery_pretty_photo-591]\" title=\"h6\">\n\t\t\t\t\t\t\t\t\t\t\t<img loading=\"lazy\" decoding=\"async\" width=\"550\" height=\"550\" src=\"https:\/\/elscomdals.com\/restaurant\/wp-content\/uploads\/2021\/03\/h6.jpg\" class=\"attachment-full size-full\" alt=\"\" srcset=\"https:\/\/elscomdals.com\/restaurant\/wp-content\/uploads\/2021\/03\/h6.jpg 550w, https:\/\/elscomdals.com\/restaurant\/wp-content\/uploads\/2021\/03\/h6-150x150.jpg 150w\" sizes=\"(max-width: 550px) 100vw, 550px\" \/>\t\t\t\t\t\t\t\t\t\t\t<\/a>\n\t\t\t\t\t\t\t\t\t<\/div>\n\t\t\t<\/div>\n\t\t\t\t\t\t\t\t<div class=\"mkdf-ig-image mkdf-item-space \">\n\t\t\t\t<div class=\"mkdf-ig-image-inner\">\n\t\t\t\t\t\t\t\t\t\t\t<a itemprop=\"image\" class=\"mkdf-ig-lightbox\" href=\"https:\/\/elscomdals.com\/restaurant\/wp-content\/uploads\/2021\/03\/h5.jpg\" data-rel=\"prettyPhoto[image_gallery_pretty_photo-591]\" title=\"h5\">\n\t\t\t\t\t\t\t\t\t\t\t<img loading=\"lazy\" decoding=\"async\" width=\"550\" height=\"550\" src=\"https:\/\/elscomdals.com\/restaurant\/wp-content\/uploads\/2021\/03\/h5.jpg\" class=\"attachment-full size-full\" alt=\"\" srcset=\"https:\/\/elscomdals.com\/restaurant\/wp-content\/uploads\/2021\/03\/h5.jpg 550w, https:\/\/elscomdals.com\/restaurant\/wp-content\/uploads\/2021\/03\/h5-150x150.jpg 150w\" sizes=\"(max-width: 550px) 100vw, 550px\" \/>\t\t\t\t\t\t\t\t\t\t\t<\/a>\n\t\t\t\t\t\t\t\t\t<\/div>\n\t\t\t<\/div>\n\t\t\t<\/div>\n<\/div>[\/vc_column][\/vc_row][vc_row disable_background_image=\u00bb1280&#8243; content_text_aligment=\u00bbcenter\u00bb simple_background_image=\u00bb4567&#8243;][vc_column][vc_row_inner row_content_width=\u00bbgrid\u00bb content_text_aligment=\u00bbright\u00bb css=\u00bb.vc_custom_1580210236188{padding-bottom: 130px !important;}\u00bb][vc_column_inner width=\u00bb5\/6&#8243; offset=\u00bbvc_col-lg-offset-3 vc_col-lg-6 vc_col-md-offset-2 vc_col-md-8 vc_col-sm-offset-1 vc_col-xs-12&#8243;]<div class=\"mkdf-elements-holder  mkdf-eh-full-height mkdf-one-column  mkdf-responsive-mode-768 \" ><div class=\"mkdf-eh-item    \"  data-item-class=\"mkdf-eh-custom-8766\" data-1367-1600=\"0 20% 0 0\" data-1025-1366=\"0 17% 0 0\" data-769-1024=\"0 15% 0 0\" data-681-768=\"0 15% 0 0\" data-680=\"0 0% 0 0\">\n\t<div class=\"mkdf-eh-item-inner\">\n\t\t<div class=\"mkdf-eh-item-content mkdf-eh-custom-8766\" style=\"padding: 0 20% 0 0\">\n\t\t\t<div class=\"mkdf-section-title-holder  mkdf-st-standard mkdf-st-title-left mkdf-st-normal-space \" style=\"text-align: left\">\n\t<div class=\"mkdf-st-inner\">\n\t\t\t\t\t<h2 class=\"mkdf-st-title\" >\n\t\t\t\tCONTINUA<br \/> LA HIST\u00d2RIA\t\t\t<\/h2>\n\t\t    <span class=\"mkdf-st-line\" style=\"margin: 50px 10% 0 15%\"><\/span>\n    <div class=\"mkdf-st-text\" style=\"margin-top: 43px\">\n        El 1882 el Sr. Gustavo Bofill Capilla va rebre en her\u00e8ncia dels seus pares la titularitat de la finca \u00abEls Comdals\u00bb que va mantenir fins a l\u2019any 1906 en qu\u00e8 es va vendre la propietat.<\/p>\n<p>&nbsp;<\/p>\n<p>El Sr. Gustavo Bofill Capilla va ser Diputat a Corts Generals en 1884 pel partit conservador liderat en aquest moment pel pol\u00edtic espanyol Antonio C\u00e1novas del Castillo.<\/p>\n<div class=\"traductor-textarea form-group\">\n<div class=\"textarea-desti col-xs-12 col-sm-6\">\n<div class=\"form-control second-textarea\">El 1906 \u00abEls Comdals\u00bb va passar a ser propietat del Sr. Conrado Rouviere Rovira (Llicenciat en Dret), qui va destacar en l\u2019\u00e0mbit social per haver entrat a formar part de la \u00abSocietat econ\u00f2mica Barcelonina d\u2019Amics del Pa\u00eds\u00bb el 20 de mar\u00e7 de 1910, vocal del cercle d\u2019assegurances i vicec\u00f2nsol d\u2019Hongria. En l\u2019\u00e0mbit professional va destacar per haver estat conseller delegat de les companyies d\u2019assegurances \u00abEuropa\u00bb i \u00abEl Mediterrani\u00bb, tamb\u00e9 va ser vicegerent de la \u00abPrevisi\u00f3 General\u00bb. Va morir el 13 d\u2019octubre de 1928 i va deixar la finca \u00abEls Comdals\u00bb als seus hereus.<\/div>\n<\/div>\n<\/div>\n<p>El 1942 s\u2019agrupa tota la finca en una sola (fins a aquest moment constaven mes d\u201911 inscripcions en el registre de la propietat i segons articles apareguts a \u00abLa Vanguardia\u00bb s\u2019havien venut diverses parcel\u00b7les dels \u00abComdals\u00bb. En aquest moment apareix com a propiet\u00e0ria \u00fanica de tota la finca D\u00aa. Enriqueta Rouviere Rull (descendent del Sr. Conrado Rouviere Rovira). En aquest per\u00edode en qu\u00e8 la propiet\u00e0ria era la Sra. Rouviere tamb\u00e9 consta segons un article aparegut a la p\u00e0gina 19 de l\u2019edici\u00f3 del 22 de juny de 1934 que a la finca \u00abEls Condals\u00bb es va celebrar un acte de la secci\u00f3 femenina de la \u00abLliga Regionalista\u00bb que consistia en una revetlla de Sant Antoni.<\/p>\n<p>El 1974 \u00abEls Comdals\u00bb passen a ser propietat del Sr. Joan Sagarra Tarrats i la seva esposa D\u00aa. Ramona Morera Aguilar adquirits a la \u00abseder\u00edas Catalanes\u00bb. En l\u2019actualitat la finca \u00abEls Comdals\u00bb \u00e9s propietat de la fam\u00edlia Sagarra Morera.    <\/div>\n\t<\/div>\n<\/div>[vc_empty_space height=\u00bb50px\u00bb]\t\t<\/div>\n\t<\/div>\n<\/div><\/div>[\/vc_column_inner][\/vc_row_inner][\/vc_column][\/vc_row][vc_row content_text_aligment=\u00bbcenter\u00bb][vc_column css=\u00bb.vc_custom_1534515728554{margin-top: -90px !important;margin-bottom: -90px !important;}\u00bb]<div class=\"mkdf-single-image-holder    mkdf-image-center\" >\n    <div class=\"mkdf-si-inner\" >\n                                    <img loading=\"lazy\" decoding=\"async\" width=\"224\" height=\"226\" src=\"https:\/\/elscomdals.com\/restaurant\/wp-content\/uploads\/2021\/03\/Peter_II_of_Aragon.png\" class=\"attachment-full size-full\" alt=\"\" srcset=\"https:\/\/elscomdals.com\/restaurant\/wp-content\/uploads\/2021\/03\/Peter_II_of_Aragon.png 224w, https:\/\/elscomdals.com\/restaurant\/wp-content\/uploads\/2021\/03\/Peter_II_of_Aragon-150x150.png 150w\" sizes=\"(max-width: 224px) 100vw, 224px\" \/>                        <\/div>\n<\/div>[\/vc_column][\/vc_row][vc_row disable_background_image=\u00bb\u00bb content_text_aligment=\u00bbcenter\u00bb simple_background_image=\u00bb1625&#8243; background_image_position=\u00bbtop\u00bb][vc_column][vc_empty_space height=\u00bb250px\u00bb][\/vc_column][\/vc_row]<\/p>\n<\/div>","protected":false},"excerpt":{"rendered":"<p>[vc_row css=\u00bb.vc_custom_1580127977146{padding-bottom: 80px !important;background-color: #ffffff !important;}\u00bb simple_background_color=\u00bb#ffffff\u00bb][vc_column][\/vc_column][\/vc_row][vc_row content_placement=\u00bbmiddle\u00bb disable_background_image=\u00bb\u00bb simple_background_image=\u00bb4567&#8243; background_image_position=\u00bbtop center\u00bb][vc_column][vc_row_inner content_text_aligment=\u00bbright\u00bb css=\u00bb.vc_custom_1574789345847{padding-top: 130px !important;padding-bottom: 130px !important;}\u00bb][vc_column_inner width=\u00bb5\/6&#8243; offset=\u00bbvc_col-lg-offset-3 vc_col-lg-6 vc_col-md-offset-2 vc_col-md-8 vc_col-sm-offset-1 vc_col-xs-12&#8243;][\/vc_column_inner][\/vc_row_inner][vc_row_inner row_content_width=\u00bbgrid\u00bb css=\u00bb.vc_custom_1574786864124{padding-bottom: 150px !important;}\u00bb][vc_column_inner width=\u00bb5\/6&#8243; offset=\u00bbvc_col-lg-offset-3 vc_col-lg-6 vc_col-md-offset-2 vc_col-md-8 vc_col-sm-offset-1 vc_col-xs-12&#8243;][\/vc_column_inner][\/vc_row_inner][\/vc_column][\/vc_row][vc_row disable_background_image=\u00bb1280&#8243; content_text_aligment=\u00bbcenter\u00bb simple_background_image=\u00bb4567&#8243;][vc_column][vc_row_inner row_content_width=\u00bbgrid\u00bb [&hellip;]<\/p>\n","protected":false},"author":1,"featured_media":0,"parent":0,"menu_order":0,"comment_status":"closed","ping_status":"closed","template":"full-width.php","meta":{"_acf_changed":false,"inline_featured_image":false,"footnotes":""},"acf":[],"_links":{"self":[{"href":"https:\/\/elscomdals.com\/restaurant\/wp-json\/wp\/v2\/pages\/290"}],"collection":[{"href":"https:\/\/elscomdals.com\/restaurant\/wp-json\/wp\/v2\/pages"}],"about":[{"href":"https:\/\/elscomdals.com\/restaurant\/wp-json\/wp\/v2\/types\/page"}],"author":[{"embeddable":true,"href":"https:\/\/elscomdals.com\/restaurant\/wp-json\/wp\/v2\/users\/1"}],"replies":[{"embeddable":true,"href":"https:\/\/elscomdals.com\/restaurant\/wp-json\/wp\/v2\/comments?post=290"}],"version-history":[{"count":73,"href":"https:\/\/elscomdals.com\/restaurant\/wp-json\/wp\/v2\/pages\/290\/revisions"}],"predecessor-version":[{"id":4840,"href":"https:\/\/elscomdals.com\/restaurant\/wp-json\/wp\/v2\/pages\/290\/revisions\/4840"}],"wp:attachment":[{"href":"https:\/\/elscomdals.com\/restaurant\/wp-json\/wp\/v2\/media?parent=290"}],"curies":[{"name":"wp","href":"https:\/\/api.w.org\/{rel}","templated":true}]}}