{"id":760,"date":"2018-08-08T11:04:26","date_gmt":"2018-08-08T11:04:26","guid":{"rendered":"http:\/\/attika.mikado-themes.com\/?page_id=760"},"modified":"2021-04-20T11:59:17","modified_gmt":"2021-04-20T11:59:17","slug":"la-finca","status":"publish","type":"page","link":"https:\/\/elscomdals.com\/restaurant\/la-finca\/","title":{"rendered":"La finca"},"content":{"rendered":"<div class=\"wpb-content-wrapper\"><p>[vc_row css=\u00bb.vc_custom_1577729483334{padding-bottom: 80px !important;}\u00bb][vc_column]<div class=\"mkdf-single-image-holder    mkdf-image-center\" >\n    <div class=\"mkdf-si-inner\" >\n                                    <img loading=\"lazy\" decoding=\"async\" width=\"436\" height=\"114\" src=\"https:\/\/elscomdals.com\/restaurant\/wp-content\/uploads\/2020\/01\/RESTAurant.png\" class=\"attachment-full size-full\" alt=\"\" \/>                        <\/div>\n<\/div>[\/vc_column][\/vc_row][vc_row content_placement=\u00bbtop\u00bb enable_parallax_background_elements=\u00bbyes\u00bb right_parallax_background_element=\u00bb762&#8243;][vc_column][vc_row_inner content_placement=\u00bbmiddle\u00bb row_content_width=\u00bbgrid\u00bb css=\u00bb.vc_custom_1535380918653{padding-bottom: 40px !important;}\u00bb][vc_column_inner offset=\u00bbvc_col-lg-6 vc_col-md-12&#8243;]<div class=\"mkdf-section-title-holder  mkdf-st-standard mkdf-st-title-left mkdf-st-normal-space \" style=\"padding:0 0 15% 0;text-align: left\">\n\t<div class=\"mkdf-st-inner\">\n\t\t\t\t\t<h2 class=\"mkdf-st-title\" >\n\t\t\t\tLa<br \/> Finca\t\t\t<\/h2>\n\t\t    <span class=\"mkdf-st-line\" style=\"margin: 50px 9% 0 14%; height: 120px\"><\/span>\n    <div class=\"mkdf-st-text\" style=\"margin-top: 45px;padding-right: 40px\">\n        La finca consta de 100 hect\u00e0rees entre camps de cultiu i zona boscosa, disposa d&#8217;un aq\u00fc\u00edfer natural, el qual proporciona i garanteix el subministrament d&#8217;aigua potable sense l\u00edmits.<\/p>\n<p>La casa d&#8217;estil g\u00f2tic disposa d&#8217;unes estances entre acollidores i plenes d&#8217;hist\u00f2ria i unes altres de gran capacitat per a festes i esdeveniments, capella interior, inclosa en el cat\u00e0leg de Patrimoni del mobiliari \u00e9s el propi de l&#8217;\u00e8poca restaurat i conservat per a traslladar als nostres hostes a altres segles per\u00f2 amb les comoditats actuals.    <\/div>\n\t<\/div>\n<\/div>[vc_empty_space height=\u00bb40px\u00bb][\/vc_column_inner][vc_column_inner offset=\u00bbvc_col-lg-6 vc_col-md-12&#8243; css=\u00bb.vc_custom_1535446084271{padding-right: 0px !important;padding-left: 0px !important;}\u00bb]<div class=\"mkdf-single-image-holder    \" >\n    <div class=\"mkdf-si-inner\" >\n                                    <img loading=\"lazy\" decoding=\"async\" width=\"800\" height=\"450\" src=\"https:\/\/elscomdals.com\/restaurant\/wp-content\/uploads\/2021\/03\/f1-1.jpg\" class=\"attachment-full size-full\" alt=\"\" srcset=\"https:\/\/elscomdals.com\/restaurant\/wp-content\/uploads\/2021\/03\/f1-1.jpg 800w, https:\/\/elscomdals.com\/restaurant\/wp-content\/uploads\/2021\/03\/f1-1-768x432.jpg 768w\" sizes=\"(max-width: 800px) 100vw, 800px\" \/>                        <\/div>\n<\/div>[vc_empty_space height=\u00bb40px\u00bb]<div class=\"mkdf-section-title-holder  mkdf-st-standard mkdf-st-title-left mkdf-st-normal-space \" style=\"padding:0 0 15% 0;text-align: left\">\n\t<div class=\"mkdf-st-inner\">\n\t\t    <span class=\"mkdf-st-line\" style=\"margin: 50px 9% 0 14%; height: 120px\"><\/span>\n    <div class=\"mkdf-st-text\" style=\"margin-top: 45px;padding-right: 40px\">\n        La situaci\u00f3 \u00e9s estrat\u00e8gica per a poder gaudir d&#8217;uns grans espais, passejar, llegir, banys, massatges\u2026\u2026, i un llarg etc\u00e8tera, per\u00f2 salvaguardant de forma explicita l&#8217;anonimat dels nostres hostes.<\/p>\n<p>En el Els Comdals, es cuida cada detall, perqu\u00e8 l&#8217;estada sigui el m\u00e0xim agradable, gaudint de la pau de l&#8217;entorn<\/p>\n<p>Un lloc inigualable per a la salut i el benestar, oferint un ampli ventall de sensacions.    <\/div>\n\t<\/div>\n<\/div>[\/vc_column_inner][\/vc_row_inner][vc_row_inner row_content_width=\u00bbgrid\u00bb css=\u00bb.vc_custom_1534240845257{padding-bottom: 30px !important;}\u00bb][vc_column_inner offset=\u00bbvc_col-lg-offset-1 vc_col-lg-10&#8243; css=\u00bb.vc_custom_1534234226432{padding-right: 0px !important;padding-left: 0px !important;}\u00bb]<div class=\"mkdf-single-image-holder   mkdf-image-behavior-custom-link \" >\n    <div class=\"mkdf-si-inner\" >\n        \t            <a itemprop=\"url\" href=\"http:\/\/attika.mikado-themes.com\/portfolio-item\/seasoning-time\/\" target=\"_self\">\n                                    <img loading=\"lazy\" decoding=\"async\" width=\"1300\" height=\"610\" src=\"https:\/\/elscomdals.com\/restaurant\/wp-content\/uploads\/2021\/03\/f2-1.jpg\" class=\"attachment-full size-full\" alt=\"\" srcset=\"https:\/\/elscomdals.com\/restaurant\/wp-content\/uploads\/2021\/03\/f2-1.jpg 1300w, https:\/\/elscomdals.com\/restaurant\/wp-content\/uploads\/2021\/03\/f2-1-800x375.jpg 800w, https:\/\/elscomdals.com\/restaurant\/wp-content\/uploads\/2021\/03\/f2-1-768x360.jpg 768w\" sizes=\"(max-width: 1300px) 100vw, 1300px\" \/>                                <\/a>\n            <\/div>\n<\/div>[\/vc_column_inner][\/vc_row_inner][vc_row_inner row_content_width=\u00bbgrid\u00bb][vc_column_inner width=\u00bb1\/12&#8243; offset=\u00bbvc_col-lg-1 vc_hidden-md vc_hidden-sm vc_hidden-xs\u00bb][\/vc_column_inner][vc_column_inner css=\u00bb.vc_custom_1535445707647{padding-right: 0px !important;padding-left: 0px !important;}\u00bb offset=\u00bbvc_col-lg-10 vc_col-md-12 vc_col-xs-12&#8243;]<div class=\"mkdf-image-gallery mkdf-grid-list mkdf-grid-masonry-list mkdf-disable-bottom-space  mkdf-ig-masonry-type mkdf-two-columns mkdf-normal-space  mkdf-image-behavior-lightbox\">\n\t<div class=\"mkdf-ig-inner mkdf-outer-space mkdf-masonry-list-wrapper\">\n\t\t<div class=\"mkdf-masonry-grid-sizer\"><\/div>\n\t\t<div class=\"mkdf-masonry-grid-gutter\"><\/div>\n\t\t\t\t\t\t\t\t<div class=\"mkdf-ig-image mkdf-item-space \">\n\t\t\t\t<div class=\"mkdf-ig-image-inner\">\n\t\t\t\t\t\t\t\t\t\t\t<a itemprop=\"image\" class=\"mkdf-ig-lightbox\" href=\"https:\/\/elscomdals.com\/restaurant\/wp-content\/uploads\/2021\/03\/f3.jpg\" data-rel=\"prettyPhoto[image_gallery_pretty_photo-404]\" title=\"f3\">\n\t\t\t\t\t\t\t\t\t\t\t<img loading=\"lazy\" decoding=\"async\" width=\"1300\" height=\"1300\" src=\"https:\/\/elscomdals.com\/restaurant\/wp-content\/uploads\/2021\/03\/f3.jpg\" class=\"attachment-full size-full\" alt=\"\" srcset=\"https:\/\/elscomdals.com\/restaurant\/wp-content\/uploads\/2021\/03\/f3.jpg 1300w, https:\/\/elscomdals.com\/restaurant\/wp-content\/uploads\/2021\/03\/f3-800x800.jpg 800w, https:\/\/elscomdals.com\/restaurant\/wp-content\/uploads\/2021\/03\/f3-150x150.jpg 150w, https:\/\/elscomdals.com\/restaurant\/wp-content\/uploads\/2021\/03\/f3-768x768.jpg 768w, https:\/\/elscomdals.com\/restaurant\/wp-content\/uploads\/2021\/03\/f3-650x650.jpg 650w\" sizes=\"(max-width: 1300px) 100vw, 1300px\" \/>\t\t\t\t\t\t\t\t\t\t\t<\/a>\n\t\t\t\t\t\t\t\t\t<\/div>\n\t\t\t<\/div>\n\t\t\t\t\t\t\t\t<div class=\"mkdf-ig-image mkdf-item-space \">\n\t\t\t\t<div class=\"mkdf-ig-image-inner\">\n\t\t\t\t\t\t\t\t\t\t\t<a itemprop=\"image\" class=\"mkdf-ig-lightbox\" href=\"https:\/\/elscomdals.com\/restaurant\/wp-content\/uploads\/2021\/03\/f4.jpg\" data-rel=\"prettyPhoto[image_gallery_pretty_photo-404]\" title=\"f4\">\n\t\t\t\t\t\t\t\t\t\t\t<img loading=\"lazy\" decoding=\"async\" width=\"1300\" height=\"1300\" src=\"https:\/\/elscomdals.com\/restaurant\/wp-content\/uploads\/2021\/03\/f4.jpg\" class=\"attachment-full size-full\" alt=\"\" srcset=\"https:\/\/elscomdals.com\/restaurant\/wp-content\/uploads\/2021\/03\/f4.jpg 1300w, https:\/\/elscomdals.com\/restaurant\/wp-content\/uploads\/2021\/03\/f4-800x800.jpg 800w, https:\/\/elscomdals.com\/restaurant\/wp-content\/uploads\/2021\/03\/f4-150x150.jpg 150w, https:\/\/elscomdals.com\/restaurant\/wp-content\/uploads\/2021\/03\/f4-768x768.jpg 768w, https:\/\/elscomdals.com\/restaurant\/wp-content\/uploads\/2021\/03\/f4-650x650.jpg 650w\" sizes=\"(max-width: 1300px) 100vw, 1300px\" \/>\t\t\t\t\t\t\t\t\t\t\t<\/a>\n\t\t\t\t\t\t\t\t\t<\/div>\n\t\t\t<\/div>\n\t\t\t<\/div>\n<\/div>[\/vc_column_inner][vc_column_inner width=\u00bb1\/12&#8243; css=\u00bb.vc_custom_1535382774510{padding-right: 0px !important;}\u00bb offset=\u00bbvc_col-lg-1 vc_hidden-md vc_hidden-sm vc_hidden-xs\u00bb][\/vc_column_inner][\/vc_row_inner][\/vc_column][\/vc_row][vc_row css=\u00bb.vc_custom_1574784846542{padding-top: 150px !important;padding-bottom: 150px !important;}\u00bb][vc_column][vc_row_inner row_content_width=\u00bbgrid\u00bb enable_parallax_background_elements=\u00bbyes\u00bb parallax_background_elements_vertical_alignment=\u00bbmiddle\u00bb enable_parallax_effect=\u00bbno\u00bb left_parallax_background_element=\u00bb721&#8243;][vc_column_inner width=\u00bb1\/12&#8243; offset=\u00bbvc_hidden-md vc_hidden-sm vc_hidden-xs\u00bb][\/vc_column_inner][vc_column_inner offset=\u00bbvc_col-lg-4 vc_col-md-5 vc_col-xs-12&#8243;]<div class=\"mkdf-single-image-holder    \" data-parallax=\"{&quot;y&quot;: 30, &quot;smoothness&quot;: 30}\">\n    <div class=\"mkdf-si-inner\" >\n                                    <img loading=\"lazy\" decoding=\"async\" width=\"384\" height=\"576\" src=\"https:\/\/elscomdals.com\/restaurant\/wp-content\/uploads\/2021\/03\/e1.jpg\" class=\"attachment-full size-full\" alt=\"\" \/>                        <\/div>\n<\/div>[\/vc_column_inner][vc_column_inner width=\u00bb1\/12&#8243; offset=\u00bbvc_hidden-md vc_hidden-sm vc_hidden-xs\u00bb][\/vc_column_inner][vc_column_inner css=\u00bb.vc_custom_1534512863336{padding-left: 0px !important;}\u00bb offset=\u00bbvc_col-lg-6 vc_col-md-7 vc_col-xs-12&#8243;][vc_empty_space height=\u00bb80px\u00bb]<div class=\"mkdf-section-title-holder  mkdf-st-standard mkdf-st-title-left mkdf-st-normal-space \" style=\"padding:0 0 15% 0;text-align: left\">\n\t<div class=\"mkdf-st-inner\">\n\t\t\t\t\t<h2 class=\"mkdf-st-title\" >\n\t\t\t\tELS<br \/> JARDINS I PISCINA DELS COMDALS\t\t\t<\/h2>\n\t\t    <span class=\"mkdf-st-line\" style=\"margin: 50px 9% 0 26%; height: 120px\"><\/span>\n    <div class=\"mkdf-st-text\" style=\"margin-top: 45px;padding-right: 0\">\n        L&#8217;entorn de la casa d&#8217;unes caracter\u00edstiques \u00faniques, barrejant l&#8217;austeritat del Monestir amb els amplis jardins, en els quals aquesta integrada la piscina, al costat del porxo oferint un espai chill out, oferint la possibilitat de relax total dels nostres hostes.    <\/div>\n\t<\/div>\n<\/div>[\/vc_column_inner][\/vc_row_inner][\/vc_column][\/vc_row][vc_row full_height=\u00bbyes\u00bb row_content_width=\u00bbgrid\u00bb content_text_aligment=\u00bbright\u00bb parallax_background_image=\u00bb4812&#8243; parallax_bg_speed=\u00bb1&#8243;][vc_column width=\u00bb5\/6&#8243; css=\u00bb.vc_custom_1534508236123{padding-right: 0px !important;}\u00bb offset=\u00bbvc_col-lg-8 vc_col-md-10 vc_col-xs-12&#8243;]<div class=\"mkdf-elements-holder   mkdf-one-column  mkdf-responsive-mode-768 \" ><div class=\"mkdf-eh-item    \"  data-item-class=\"mkdf-eh-custom-1602\" data-1367-1600=\"40px 0 0 80px\" data-1025-1366=\"40px 0 0 80px\" data-769-1024=\"0 0 0 50px\" data-681-768=\"0 0 0 40px\" data-680=\"0 30px 0 0\">\n\t<div class=\"mkdf-eh-item-inner\">\n\t\t<div class=\"mkdf-eh-item-content mkdf-eh-custom-1602\" style=\"padding: 0 0 0 0\">\n\t\t\t<div class=\"mkdf-section-title-holder  mkdf-st-standard mkdf-st-title-left mkdf-st-normal-space \" style=\"text-align: left\">\n\t<div class=\"mkdf-st-inner\">\n\t\t\t\t\t<h2 class=\"mkdf-st-title\" style=\"color: #ffffff\">\n\t\t\t\tEl<br \/> Claustre i Patis\t\t\t<\/h2>\n\t\t    <span class=\"mkdf-st-line\" style=\"margin: 45px 5% 0 10%; height: 120px; background-color: #ffffff\"><\/span>\n    <div class=\"mkdf-st-text\" style=\"margin-top: 35px\">\n        <span style=\"color: #ffffff;\">Racons especials i \u00fanics amb una c\u00e0rrega hist\u00f2rica dif\u00edcil d&#8217;igualar.<br \/>\n<\/span>    <\/div>\n\t<\/div>\n<\/div>[vc_empty_space height=\u00bb40px\u00bb]<a itemprop=\"url\" href=\"http:\/\/elscomdals.com\/restaurant\/contacte\/\" target=\"_blank\" style=\"color: #ffffff\" class=\"mkdf-btn mkdf-btn-medium mkdf-btn-simple mkdf-btn-custom-hover-color\" data-hover-color=\"rgba(255,255,255,0.5)\" >\n\t        <span class=\"mkdf-btn-line\" style=\"background-color: #ffffff\"><\/span>\n\t    <span class=\"mkdf-btn-text\">CONTACTE<\/span>\n    <\/a>[vc_empty_space height=\u00bb40px\u00bb]\t\t<\/div>\n\t<\/div>\n<\/div><\/div>[\/vc_column][vc_column width=\u00bb1\/6&#8243; offset=\u00bbvc_col-lg-4 vc_col-md-2 vc_hidden-xs\u00bb][\/vc_column][\/vc_row]<\/p>\n<\/div>","protected":false},"excerpt":{"rendered":"<p>[vc_row css=\u00bb.vc_custom_1577729483334{padding-bottom: 80px !important;}\u00bb][vc_column][\/vc_column][\/vc_row][vc_row content_placement=\u00bbtop\u00bb enable_parallax_background_elements=\u00bbyes\u00bb right_parallax_background_element=\u00bb762&#8243;][vc_column][vc_row_inner content_placement=\u00bbmiddle\u00bb row_content_width=\u00bbgrid\u00bb css=\u00bb.vc_custom_1535380918653{padding-bottom: 40px !important;}\u00bb][vc_column_inner offset=\u00bbvc_col-lg-6 vc_col-md-12&#8243;][vc_empty_space height=\u00bb40px\u00bb][\/vc_column_inner][vc_column_inner offset=\u00bbvc_col-lg-6 vc_col-md-12&#8243; css=\u00bb.vc_custom_1535446084271{padding-right: 0px !important;padding-left: 0px !important;}\u00bb][vc_empty_space height=\u00bb40px\u00bb][\/vc_column_inner][\/vc_row_inner][vc_row_inner row_content_width=\u00bbgrid\u00bb css=\u00bb.vc_custom_1534240845257{padding-bottom: 30px !important;}\u00bb][vc_column_inner offset=\u00bbvc_col-lg-offset-1 vc_col-lg-10&#8243; css=\u00bb.vc_custom_1534234226432{padding-right: 0px !important;padding-left: 0px !important;}\u00bb][\/vc_column_inner][\/vc_row_inner][vc_row_inner row_content_width=\u00bbgrid\u00bb][vc_column_inner width=\u00bb1\/12&#8243; offset=\u00bbvc_col-lg-1 vc_hidden-md vc_hidden-sm vc_hidden-xs\u00bb][\/vc_column_inner][vc_column_inner [&hellip;]<\/p>\n","protected":false},"author":1,"featured_media":0,"parent":0,"menu_order":0,"comment_status":"closed","ping_status":"closed","template":"full-width.php","meta":{"_acf_changed":false,"inline_featured_image":false,"footnotes":""},"acf":[],"_links":{"self":[{"href":"https:\/\/elscomdals.com\/restaurant\/wp-json\/wp\/v2\/pages\/760"}],"collection":[{"href":"https:\/\/elscomdals.com\/restaurant\/wp-json\/wp\/v2\/pages"}],"about":[{"href":"https:\/\/elscomdals.com\/restaurant\/wp-json\/wp\/v2\/types\/page"}],"author":[{"embeddable":true,"href":"https:\/\/elscomdals.com\/restaurant\/wp-json\/wp\/v2\/users\/1"}],"replies":[{"embeddable":true,"href":"https:\/\/elscomdals.com\/restaurant\/wp-json\/wp\/v2\/comments?post=760"}],"version-history":[{"count":40,"href":"https:\/\/elscomdals.com\/restaurant\/wp-json\/wp\/v2\/pages\/760\/revisions"}],"predecessor-version":[{"id":4843,"href":"https:\/\/elscomdals.com\/restaurant\/wp-json\/wp\/v2\/pages\/760\/revisions\/4843"}],"wp:attachment":[{"href":"https:\/\/elscomdals.com\/restaurant\/wp-json\/wp\/v2\/media?parent=760"}],"curies":[{"name":"wp","href":"https:\/\/api.w.org\/{rel}","templated":true}]}}